{"id":1044,"date":"2022-08-09T23:17:56","date_gmt":"2022-08-09T21:17:56","guid":{"rendered":"https:\/\/dev.consiliulelevilor.ro\/?page_id=1044"},"modified":"2022-08-15T13:36:17","modified_gmt":"2022-08-15T11:36:17","slug":"harta","status":"publish","type":"page","link":"https:\/\/consiliulelevilor.ro\/hu\/harta\/","title":{"rendered":"Harta"},"content":{"rendered":"<div data-elementor-type=\"wp-page\" data-elementor-id=\"1044\" class=\"elementor elementor-1044\" data-elementor-post-type=\"page\">\n\t\t\t\t\t\t<section class=\"elementor-section elementor-top-section elementor-element elementor-element-bcbf633 elementor-section-stretched elementor-section-content-middle elementor-section-boxed elementor-section-height-default elementor-section-height-default\" data-id=\"bcbf633\" data-element_type=\"section\" data-settings=\"{&quot;stretch_section&quot;:&quot;section-stretched&quot;,&quot;background_background&quot;:&quot;classic&quot;}\">\n\t\t\t\t\t\t<div class=\"elementor-container elementor-column-gap-wider\">\n\t\t\t\t\t<div class=\"elementor-column elementor-col-100 elementor-top-column elementor-element elementor-element-1be4fe6\" data-id=\"1be4fe6\" data-element_type=\"column\">\n\t\t\t<div class=\"elementor-widget-wrap\">\n\t\t\t\t\t\t\t<\/div>\n\t\t<\/div>\n\t\t\t\t\t<\/div>\n\t\t<\/section>\n\t\t\t\t<section class=\"elementor-section elementor-top-section elementor-element elementor-element-27edaf6 elementor-section-boxed elementor-section-height-default elementor-section-height-default\" data-id=\"27edaf6\" data-element_type=\"section\">\n\t\t\t\t\t\t<div class=\"elementor-container elementor-column-gap-default\">\n\t\t\t\t\t<div class=\"elementor-column elementor-col-100 elementor-top-column elementor-element elementor-element-1f323a4\" data-id=\"1f323a4\" data-element_type=\"column\">\n\t\t\t<div class=\"elementor-widget-wrap elementor-element-populated\">\n\t\t\t\t\t\t<div class=\"elementor-element elementor-element-2f48c7e elementor-widget elementor-widget-heading\" data-id=\"2f48c7e\" data-element_type=\"widget\" data-widget_type=\"heading.default\">\n\t\t\t\t<div class=\"elementor-widget-container\">\n\t\t\t<h2 class=\"elementor-heading-title elementor-size-default\">L\u00e9gy tagja a Di\u00e1k\u00f6nkorm\u00e1nyzatnak!<\/h2>\t\t<\/div>\n\t\t\t\t<\/div>\n\t\t\t\t\t<\/div>\n\t\t<\/div>\n\t\t\t\t\t<\/div>\n\t\t<\/section>\n\t\t\t\t<section class=\"elementor-section elementor-top-section elementor-element elementor-element-0a95aaf elementor-section-boxed elementor-section-height-default elementor-section-height-default\" data-id=\"0a95aaf\" data-element_type=\"section\">\n\t\t\t\t\t\t<div class=\"elementor-container elementor-column-gap-default\">\n\t\t\t\t\t<div class=\"elementor-column elementor-col-100 elementor-top-column elementor-element elementor-element-4b1cb6d\" data-id=\"4b1cb6d\" data-element_type=\"column\">\n\t\t\t<div class=\"elementor-widget-wrap elementor-element-populated\">\n\t\t\t\t\t\t<div class=\"elementor-element elementor-element-2595c82 elementor-widget elementor-widget-heading\" data-id=\"2595c82\" data-element_type=\"widget\" data-widget_type=\"heading.default\">\n\t\t\t\t<div class=\"elementor-widget-container\">\n\t\t\t<h2 class=\"elementor-heading-title elementor-size-default\">Keresse meg a megy\u00e9ben tal\u00e1lhat\u00f3 al\u00e9p\u00edtm\u00e9nyeket az interakt\u00edv t\u00e9rk\u00e9p seg\u00edts\u00e9g\u00e9vel, \u00e9s k\u00f6vesse nyomon tev\u00e9kenys\u00e9g\u00fcket!<\/h2>\t\t<\/div>\n\t\t\t\t<\/div>\n\t\t\t\t\t<\/div>\n\t\t<\/div>\n\t\t\t\t\t<\/div>\n\t\t<\/section>\n\t\t\t\t<section class=\"elementor-section elementor-top-section elementor-element elementor-element-e0940fc elementor-section-boxed elementor-section-height-default elementor-section-height-default\" data-id=\"e0940fc\" data-element_type=\"section\">\n\t\t\t\t\t\t<div class=\"elementor-container elementor-column-gap-default\">\n\t\t\t\t\t<div class=\"elementor-column elementor-col-100 elementor-top-column elementor-element elementor-element-f9f9785\" data-id=\"f9f9785\" data-element_type=\"column\">\n\t\t\t<div class=\"elementor-widget-wrap elementor-element-populated\">\n\t\t\t\t\t\t<div class=\"elementor-element elementor-element-404889c elementor-widget elementor-widget-shortcode\" data-id=\"404889c\" data-element_type=\"widget\" data-widget_type=\"shortcode.default\">\n\t\t\t\t<div class=\"elementor-widget-container\">\n\t\t\t\t\t<div class=\"elementor-shortcode\"><div id=\"mapsvg-1\" data-map-id=\"1\" class=\"mapsvg\"><\/div><\/div>\n\t\t\t\t<\/div>\n\t\t\t\t<\/div>\n\t\t\t\t\t<\/div>\n\t\t<\/div>\n\t\t\t\t\t<\/div>\n\t\t<\/section>\n\t\t\t\t<\/div>","protected":false},"excerpt":{"rendered":"<p>Fii parte din Consiliul Elevilor! G\u0103se\u0219te substructura din jude\u021bul t\u0103u folosind harta interactiv\u0103 \u0219i urm\u0103re\u0219te activitatea lor!<\/p>","protected":false},"author":3,"featured_media":0,"parent":0,"menu_order":0,"comment_status":"closed","ping_status":"closed","template":"","meta":{"_acf_changed":false,"footnotes":""},"class_list":["post-1044","page","type-page","status-publish","hentry"],"acf":[],"_links":{"self":[{"href":"https:\/\/consiliulelevilor.ro\/hu\/wp-json\/wp\/v2\/pages\/1044","targetHints":{"allow":["GET"]}}],"collection":[{"href":"https:\/\/consiliulelevilor.ro\/hu\/wp-json\/wp\/v2\/pages"}],"about":[{"href":"https:\/\/consiliulelevilor.ro\/hu\/wp-json\/wp\/v2\/types\/page"}],"author":[{"embeddable":true,"href":"https:\/\/consiliulelevilor.ro\/hu\/wp-json\/wp\/v2\/users\/3"}],"replies":[{"embeddable":true,"href":"https:\/\/consiliulelevilor.ro\/hu\/wp-json\/wp\/v2\/comments?post=1044"}],"version-history":[{"count":16,"href":"https:\/\/consiliulelevilor.ro\/hu\/wp-json\/wp\/v2\/pages\/1044\/revisions"}],"predecessor-version":[{"id":1123,"href":"https:\/\/consiliulelevilor.ro\/hu\/wp-json\/wp\/v2\/pages\/1044\/revisions\/1123"}],"wp:attachment":[{"href":"https:\/\/consiliulelevilor.ro\/hu\/wp-json\/wp\/v2\/media?parent=1044"}],"curies":[{"name":"wp","href":"https:\/\/api.w.org\/{rel}","templated":true}]}}